{"id":169,"date":"2024-10-12T00:00:00","date_gmt":"2023-10-12T12:13:17","guid":{"rendered":"https:\/\/wordpressthemes.live\/WCG10\/WCM231_cosmika\/cosmetic02\/?post_type=product&#038;p=169"},"modified":"2025-10-14T17:52:42","modified_gmt":"2025-10-14T17:52:42","slug":"nutri-bronze-adaptive-sheer-tinted-serum-30ml","status":"publish","type":"product","link":"https:\/\/glowcarty.com\/ja\/product\/nutri-bronze-adaptive-sheer-tinted-serum-30ml\/","title":{"rendered":"Armani Prive Gardenia Antigua 7ml"},"content":{"rendered":"<p>Discover Gard\u00e9nia Antigua, tho fragrance pyArmanNthat contars the incredible contrast between the red-hotlaCcord of<br \/>\ngardenia and the sunny and powdery notes ofAntigua<br \/>\nGard\u00e9nia Antigua is an olfactory reinterpretationlot Gi\u011frgigAmanis Personal MiSion ohe 1\u015fland&#8217;o Antigua, the earthly paradise in<br \/>\nwhich he loves to spend precious moments.<br \/>\nJust as the light and the sun create unique reflections on the waters ofAntigua. this,uniGex fragrancelis born from the perfect<br \/>\nharmony between bright and warm notes.he sunny notesgargenia are softened bya salty marine treshness and notes of<br \/>\nmandarin.<br \/>\nJust as the iridescent lightand the scorching sun create uniguereteotions on.the waters.OT AntiguainisTragrance iS born from the<br \/>\npertect harmony between bright and warm noteshe intoxicating sgentta sunny and wonderful gardenia iS softened by the<br \/>\ncontrast with the salty marlne freshness and the ljoyful nates of mandatin<br \/>\nThe new fragrance is contained in the lconic square Armani Prive bottle: vhichshoWS olta more modern angumingus appearance<br \/>\nin the&#8221;Les Eaux collection..The rounded bnes ot the glosSY bladk lacqueredicap cHate a contrast with the essential elegance of<br \/>\nthe square bottle.he sun kissed Towen gives the tragrange a godenhueitna strang character.<br \/>\n\u53e3<br \/>\ningredients: ALCOHOL, PARFUM\/FRAGRANCE, AQUAMATER BENZNLISALICYLATE BENZYLALC9HOLHEXYLCINNAMAL#<br \/>\nHYDROXYCITRONELLAL, LINALOOL GERANIOL! ETHYLHEXML SALICYLATE BUIML METHOXYDIBENZOMLMETHANE ALPHA-#<br \/>\nISOMETHYL IONONE, LIMONENE. METHYL ANTHRANILATE FARNESOL EUGENOLPCINNAMYLJALCOHOLCIRONELLOL BENZYL<br \/>\nBENZOATE, TRIS (TETRAMETHYLHYDROXYPIPERIDINOLI CITRATE CITRALISOEUGENOLIC114700VRERAC19140 YELLOW 5<\/p>","protected":false},"excerpt":{"rendered":"<p>Armani Prive Gardenia Antigua<\/p>","protected":false},"featured_media":1519,"comment_status":"open","ping_status":"closed","template":"","meta":{"_bst_post_transparent":"default","_bst_post_title":"","_bst_post_layout":"default","_bst_post_sidebar_id":"","_bst_post_content_style":"default","_bst_post_vertical_padding":"default","_bst_post_feature":"","_bst_post_feature_position":"","_bst_post_header":false,"_bst_post_footer":false},"product_brand":[],"product_cat":[45],"product_tag":[],"product_brands":[84],"class_list":{"0":"post-169","1":"product","2":"type-product","3":"status-publish","4":"has-post-thumbnail","6":"product_cat-mini-perfume","7":"product_brands-armani","9":"first","10":"instock","11":"sale","12":"shipping-taxable","13":"purchasable","14":"product-type-simple","15":"entry","16":"content-bg","17":"loop-entry"},"_links":{"self":[{"href":"https:\/\/glowcarty.com\/ja\/wp-json\/wp\/v2\/product\/169","targetHints":{"allow":["GET"]}}],"collection":[{"href":"https:\/\/glowcarty.com\/ja\/wp-json\/wp\/v2\/product"}],"about":[{"href":"https:\/\/glowcarty.com\/ja\/wp-json\/wp\/v2\/types\/product"}],"replies":[{"embeddable":true,"href":"https:\/\/glowcarty.com\/ja\/wp-json\/wp\/v2\/comments?post=169"}],"wp:featuredmedia":[{"embeddable":true,"href":"https:\/\/glowcarty.com\/ja\/wp-json\/wp\/v2\/media\/1519"}],"wp:attachment":[{"href":"https:\/\/glowcarty.com\/ja\/wp-json\/wp\/v2\/media?parent=169"}],"wp:term":[{"taxonomy":"product_brand","embeddable":true,"href":"https:\/\/glowcarty.com\/ja\/wp-json\/wp\/v2\/product_brand?post=169"},{"taxonomy":"product_cat","embeddable":true,"href":"https:\/\/glowcarty.com\/ja\/wp-json\/wp\/v2\/product_cat?post=169"},{"taxonomy":"product_tag","embeddable":true,"href":"https:\/\/glowcarty.com\/ja\/wp-json\/wp\/v2\/product_tag?post=169"},{"taxonomy":"product_brands","embeddable":true,"href":"https:\/\/glowcarty.com\/ja\/wp-json\/wp\/v2\/product_brands?post=169"}],"curies":[{"name":"wp","href":"https:\/\/api.w.org\/{rel}","templated":true}]}}