{"id":221,"date":"2024-10-13T00:00:00","date_gmt":"2023-10-13T03:44:46","guid":{"rendered":"https:\/\/wordpressthemes.live\/WCG10\/WCM231_cosmika\/cosmetic02\/?post_type=product&#038;p=221"},"modified":"2025-09-28T06:43:09","modified_gmt":"2025-09-28T06:43:09","slug":"contents-of-the-7-mini-set-10-ml-each","status":"publish","type":"product","link":"https:\/\/glowcarty.com\/ja\/product\/contents-of-the-7-mini-set-10-ml-each\/","title":{"rendered":"Luoise Vitton\u30ecParfums7*10ML\u65c5\u884c\u30bb\u30c3\u30c8"},"content":{"rendered":"<h3 class=\"wp-block-heading\">Contents of the 7-Mini Set (10 ml each)<\/h3>\n<p>According to Louis Vuitton\u2019s official listings, the set comprises these seven fragrances:<\/p>\n<ul class=\"wp-block-list\">\n<li><strong>Rose des Vents<\/strong><\/li>\n<li><strong>\u00c9toile Filante<\/strong><\/li>\n<li><strong>Attrape-R\u00eaves<\/strong><\/li>\n<li><strong>Heures d\u2019Absence<\/strong><\/li>\n<li><strong>C\u0153ur Battant<\/strong><\/li>\n<li><strong>Mati\u00e8re Noire<\/strong><\/li>\n<li><strong>Spell on You<\/strong><\/li>\n<\/ul>\n<h3 class=\"wp-block-heading\">Summary Table<\/h3>\n<figure class=\"wp-block-table\">\n<table class=\"has-fixed-layout\">\n<thead>\n<tr>\n<th>Version<\/th>\n<th>Scents Included (7 \u00d7 10 ml)<\/th>\n<\/tr>\n<\/thead>\n<tbody>\n<tr>\n<td><strong>Main Set<\/strong><\/td>\n<td>Rose des Vents, \u00c9toile Filante, Attrape-R\u00eaves, Heures d\u2019Absence, C\u0153ur Battant, Mati\u00e8re Noire, Spell on You<\/td>\n<\/tr>\n<tr>\n<td><strong>Regional Variant<\/strong><\/td>\n<td>Rose des Vents, C\u0153ur Battant, Apog\u00e9e, Attrape-R\u00eaves, Mati\u00e8re Noire, Le Jour Se L\u00e8ve, Heures d\u2019Absence<\/td>\n<\/tr>\n<tr>\n<td><strong>Collector Version<\/strong><\/td>\n<td>Rose des Vents, Turbulences, Dans la Peau, Apog\u00e9e, Contre Moi, Mati\u00e8re Noire, Mille Feux<\/td>\n<\/tr>\n<\/tbody>\n<\/table>\n<\/figure>","protected":false},"excerpt":{"rendered":"<p>\u30eb\u30a4-\u30f4\u30a3\u30c8\u30f3\u306e7-\u30df\u30cb\u30bb\u30c3\u30c8(10ml\uff09<\/p>","protected":false},"featured_media":1469,"comment_status":"open","ping_status":"closed","template":"","meta":{"_bst_post_transparent":"default","_bst_post_title":"","_bst_post_layout":"default","_bst_post_sidebar_id":"","_bst_post_content_style":"default","_bst_post_vertical_padding":"default","_bst_post_feature":"","_bst_post_feature_position":"","_bst_post_header":false,"_bst_post_footer":false},"product_brand":[],"product_cat":[45,56,47],"product_tag":[],"product_brands":[],"class_list":{"0":"post-221","1":"product","2":"type-product","3":"status-publish","4":"has-post-thumbnail","6":"product_cat-mini-perfume","7":"product_cat-our-store","8":"product_cat-perfume-set","10":"first","11":"instock","12":"sale","13":"featured","14":"shipping-taxable","15":"purchasable","16":"product-type-simple","17":"entry","18":"content-bg","19":"loop-entry"},"_links":{"self":[{"href":"https:\/\/glowcarty.com\/ja\/wp-json\/wp\/v2\/product\/221","targetHints":{"allow":["GET"]}}],"collection":[{"href":"https:\/\/glowcarty.com\/ja\/wp-json\/wp\/v2\/product"}],"about":[{"href":"https:\/\/glowcarty.com\/ja\/wp-json\/wp\/v2\/types\/product"}],"replies":[{"embeddable":true,"href":"https:\/\/glowcarty.com\/ja\/wp-json\/wp\/v2\/comments?post=221"}],"wp:featuredmedia":[{"embeddable":true,"href":"https:\/\/glowcarty.com\/ja\/wp-json\/wp\/v2\/media\/1469"}],"wp:attachment":[{"href":"https:\/\/glowcarty.com\/ja\/wp-json\/wp\/v2\/media?parent=221"}],"wp:term":[{"taxonomy":"product_brand","embeddable":true,"href":"https:\/\/glowcarty.com\/ja\/wp-json\/wp\/v2\/product_brand?post=221"},{"taxonomy":"product_cat","embeddable":true,"href":"https:\/\/glowcarty.com\/ja\/wp-json\/wp\/v2\/product_cat?post=221"},{"taxonomy":"product_tag","embeddable":true,"href":"https:\/\/glowcarty.com\/ja\/wp-json\/wp\/v2\/product_tag?post=221"},{"taxonomy":"product_brands","embeddable":true,"href":"https:\/\/glowcarty.com\/ja\/wp-json\/wp\/v2\/product_brands?post=221"}],"curies":[{"name":"wp","href":"https:\/\/api.w.org\/{rel}","templated":true}]}}